{"id":1004,"date":"2019-08-02T09:23:24","date_gmt":"2019-08-02T07:23:24","guid":{"rendered":"http:\/\/sofimediat.fr\/vert\/histoire-auberge-etchegorry\/"},"modified":"2019-09-24T09:28:32","modified_gmt":"2019-09-24T07:28:32","slug":"history-auberge-etchegorry","status":"publish","type":"page","link":"https:\/\/www.vertgalant.com\/en\/history-auberge-etchegorry\/","title":{"rendered":"histoire"},"content":{"rendered":"\n\t<section class=\"section\" id=\"section_782488208\">\n\t\t<div class=\"bg section-bg fill bg-fill  \" >\n\n\t\t\t\n\t\t\t\n\t\t\t\n\t<div class=\"is-border\"\n\t\tstyle=\"border-width:0px 0px 0px 0px;margin:0 0px 0px 0px;\">\n\t<\/div>\n\n\t\t<\/div>\n\n\t\t<div class=\"section-content relative\">\n\t\t\t\n\n<div class=\"row\"  id=\"row-1372036057\">\n\n\n\t<div id=\"col-1342863219\" class=\"col small-12 large-12\"  >\n\t\t<div class=\"col-inner text-center\"  >\n\t\t\t\n\t\t\t\n\n<h3>HISTORY<\/h3>\n<p>Our restaurant ETCHEGORRY is located in a very charming and romantic area in the heart of Paris 13.  \n\nThe famous B\u00e9ranger and Victor Hugo used to come, drink and watch the river La Bi\u00e8vre flow. It was known as  &#8220;le cabaret de Madame Gr\u00e9goire&#8221;<\/p>\n\n\t\t<\/div>\n\t\t\n<style>\n#col-1342863219 > .col-inner {\n  padding: 20px 20px 20px 20px;\n  margin: 60px 0px -30px 0px;\n}\n<\/style>\n\t<\/div>\n\n\t\n\n\n<style>\n#row-1372036057 > .col > .col-inner {\n  padding: 0px 0px 0px 0;\n  background-color: rgba(255, 255, 255, 0.8);\n}\n<\/style>\n<\/div>\n\n\t\t<\/div>\n\n\t\t\n<style>\n#section_782488208 {\n  padding-top: 30px;\n  padding-bottom: 30px;\n  margin-bottom: 40px;\n  min-height: 300px;\n}\n#section_782488208 .section-bg.bg-loaded {\n  background-image: url(https:\/\/www.vertgalant.com\/wp-content\/uploads\/2019\/08\/auberge-etchegorry-paris-3.jpg);\n}\n<\/style>\n\t<\/section>\n\t\n\t<section class=\"section\" id=\"section_1691625587\">\n\t\t<div class=\"bg section-bg fill bg-fill  bg-loaded\" >\n\n\t\t\t\n\t\t\t\n\t\t\t\n\n\t\t<\/div>\n\n\t\t<div class=\"section-content relative\">\n\t\t\t\n\n<div class=\"row\"  id=\"row-1208598394\">\n\n\n\t<div id=\"col-170896749\" class=\"col medium-6 small-12 large-6\"  >\n\t\t<div class=\"col-inner\"  >\n\t\t\t\n\t\t\t\n\n<h2 style=\"text-align: center;\"> B\u00e9ranger song (1812)<\/h2>\n<p style=\"text-align: center;\"><em>C\u2019\u00e9tait de mon temps que brillait Madame Gr\u00e9goire.<\/em><br \/><em>J\u2019allais \u00e0 vingt ans Dans son cabaret rire et boire.<\/em><br \/><em>Elle attirait les gens Par des airs engageants.<\/em><br \/><em>Plus d\u2019un brun \u00e0 large poitrine Avait l\u00e0 cr\u00e9dit sur la mine.<\/em><br \/><em>Ah ! comme on entrait Boire \u00e0 son cabaret<\/em><br \/><em>Tout est bien chang\u00e9 !N\u2019ayant plus rien \u00e0 mettre en perce<\/em><br \/><em>Elle a pris cong\u00e9 Et des plaisirs et du commerce<\/em><br \/><em>Que je regrette, H\u00e9las ! La cave et ses appas !<\/em><br \/><em>Longtemps encore chaque pratique S\u2019\u00e9crira devant sa boutique<\/em><br \/><em>Ah ! comme on entrait Boire \u00e0 son cabaret<\/em><\/p>\n\n\t\t<\/div>\n\t\t\t<\/div>\n\n\t\n\n\t<div id=\"col-1381819507\" class=\"col medium-6 small-12 large-6\"  >\n\t\t<div class=\"col-inner\"  >\n\t\t\t\n\t\t\t\n\n\t<div class=\"img has-hover x md-x lg-x y md-y lg-y\" id=\"image_1472204013\">\n\t\t\t\t\t\t\t\t<div class=\"img-inner box-shadow-3 dark\" >\n\t\t\t<img decoding=\"async\" width=\"1020\" height=\"679\" src=\"https:\/\/www.vertgalant.com\/wp-content\/uploads\/2019\/08\/auberge-ecusson-1024x682.jpg\" class=\"attachment-large size-large\" alt=\"\" srcset=\"https:\/\/www.vertgalant.com\/wp-content\/uploads\/2019\/08\/auberge-ecusson.jpg 1024w, https:\/\/www.vertgalant.com\/wp-content\/uploads\/2019\/08\/auberge-ecusson-300x200.jpg 300w, https:\/\/www.vertgalant.com\/wp-content\/uploads\/2019\/08\/auberge-ecusson-768x512.jpg 768w\" sizes=\"(max-width: 1020px) 100vw, 1020px\" \/>\t\t\t\t\t\t\n\t\t\t\t\t<\/div>\n\t\t\t\t\t\t\t\t\n<style>\n#image_1472204013 {\n  width: 100%;\n}\n<\/style>\n\t<\/div>\n\t\n\n\n\t\t<\/div>\n\t\t\t<\/div>\n\n\t\n\n\n<style>\n#row-1208598394 > .col > .col-inner {\n  padding: 0px 0px 20px 0px;\n}\n<\/style>\n<\/div>\n<div class=\"row\"  id=\"row-885680237\">\n\n\n\t<div id=\"col-2144870394\" class=\"col small-12 large-12\"  >\n\t\t<div class=\"col-inner dark\"  >\n\t\t\t\n\t\t\t\n\n<h3 style=\"text-align: center;\">More informations ?<\/h3>\n<p style=\"text-align: center;\">tel: 01 44 08 83 50 \/ <a href=\"mailto:restaurant.etchegorry@gmail.com\">restaurant.etchegorry@gmail.com<\/a><\/p>\n\n\t\t<\/div>\n\t\t\t<\/div>\n\n\t\n\n\n<style>\n#row-885680237 > .col > .col-inner {\n  padding: 20px 0px 20px 0px;\n  background-color: #880000;\n}\n<\/style>\n<\/div>\n\n\t\t<\/div>\n\n\t\t\n<style>\n#section_1691625587 {\n  padding-top: 0px;\n  padding-bottom: 0px;\n  margin-bottom: 0px;\n}\n<\/style>\n\t<\/section>\n\t\n\t<section class=\"section\" id=\"section_1949475723\">\n\t\t<div class=\"bg section-bg fill bg-fill  \" >\n\n\t\t\t\n\t\t\t\n\t\t\t\n\t<div class=\"is-border\"\n\t\tstyle=\"border-width:0px 0px 0px 0px;margin:0 0px 0px 0px;\">\n\t<\/div>\n\n\t\t<\/div>\n\n\t\t<div class=\"section-content relative\">\n\t\t\t\n\n\n  \n    <div class=\"row large-columns-3 medium-columns- small-columns-2\">\n          <div class=\"gallery-col col\" >\n          <div class=\"col-inner\">\n            <a class=\"image-lightbox lightbox-gallery\" href=\"https:\/\/www.vertgalant.com\/wp-content\/uploads\/2019\/08\/auberge-etchegorry-paris-6-1024x683.jpg\" title=\"\">            <div class=\"box has-hover gallery-box box-overlay dark\">\n              <div class=\"box-image\" >\n                <img decoding=\"async\" width=\"300\" height=\"200\" src=\"https:\/\/www.vertgalant.com\/wp-content\/uploads\/2019\/08\/auberge-etchegorry-paris-6-300x200.jpg\" class=\"attachment-medium size-medium\" alt=\"HOTEL VERT GALANT PARIS - AUBERGE ETCHEGORRY PARIS\" ids=\"799,789,791,795,797,793\" columns=\"3\" srcset=\"https:\/\/www.vertgalant.com\/wp-content\/uploads\/2019\/08\/auberge-etchegorry-paris-6-300x200.jpg 300w, https:\/\/www.vertgalant.com\/wp-content\/uploads\/2019\/08\/auberge-etchegorry-paris-6-768x512.jpg 768w, https:\/\/www.vertgalant.com\/wp-content\/uploads\/2019\/08\/auberge-etchegorry-paris-6-1024x683.jpg 1024w, https:\/\/www.vertgalant.com\/wp-content\/uploads\/2019\/08\/auberge-etchegorry-paris-6.jpg 1800w\" sizes=\"(max-width: 300px) 100vw, 300px\" \/>                                  <div class=\"overlay fill\"\n                      style=\"background-color: rgba(0,0,0,.15)\">\n                  <\/div>\n                                                              <\/div>\n              <div class=\"box-text text-left\" >\n                 <p><\/p>\n              <\/div>\n            <\/div>\n            <\/a>          <\/div>\n         <\/div>\n                 <div class=\"gallery-col col\" >\n          <div class=\"col-inner\">\n            <a class=\"image-lightbox lightbox-gallery\" href=\"https:\/\/www.vertgalant.com\/wp-content\/uploads\/2019\/08\/auberge-etchegorry-paris-1-1024x683.jpg\" title=\"\">            <div class=\"box has-hover gallery-box box-overlay dark\">\n              <div class=\"box-image\" >\n                <img decoding=\"async\" width=\"300\" height=\"200\" src=\"https:\/\/www.vertgalant.com\/wp-content\/uploads\/2019\/08\/auberge-etchegorry-paris-1-300x200.jpg\" class=\"attachment-medium size-medium\" alt=\"HOTEL VERT GALANT PARIS - AUBERGE ETCHEGORRY PARIS\" ids=\"799,789,791,795,797,793\" columns=\"3\" srcset=\"https:\/\/www.vertgalant.com\/wp-content\/uploads\/2019\/08\/auberge-etchegorry-paris-1-300x200.jpg 300w, https:\/\/www.vertgalant.com\/wp-content\/uploads\/2019\/08\/auberge-etchegorry-paris-1-768x512.jpg 768w, https:\/\/www.vertgalant.com\/wp-content\/uploads\/2019\/08\/auberge-etchegorry-paris-1-1024x683.jpg 1024w, https:\/\/www.vertgalant.com\/wp-content\/uploads\/2019\/08\/auberge-etchegorry-paris-1.jpg 1800w\" sizes=\"(max-width: 300px) 100vw, 300px\" \/>                                  <div class=\"overlay fill\"\n                      style=\"background-color: rgba(0,0,0,.15)\">\n                  <\/div>\n                                                              <\/div>\n              <div class=\"box-text text-left\" >\n                 <p><\/p>\n              <\/div>\n            <\/div>\n            <\/a>          <\/div>\n         <\/div>\n                 <div class=\"gallery-col col\" >\n          <div class=\"col-inner\">\n            <a class=\"image-lightbox lightbox-gallery\" href=\"https:\/\/www.vertgalant.com\/wp-content\/uploads\/2019\/08\/auberge-etchegorry-paris-2-1024x683.jpg\" title=\"\">            <div class=\"box has-hover gallery-box box-overlay dark\">\n              <div class=\"box-image\" >\n                <img decoding=\"async\" width=\"300\" height=\"200\" src=\"https:\/\/www.vertgalant.com\/wp-content\/uploads\/2019\/08\/auberge-etchegorry-paris-2-300x200.jpg\" class=\"attachment-medium size-medium\" alt=\"HOTEL VERT GALANT PARIS - AUBERGE ETCHEGORRY PARIS\" ids=\"799,789,791,795,797,793\" columns=\"3\" srcset=\"https:\/\/www.vertgalant.com\/wp-content\/uploads\/2019\/08\/auberge-etchegorry-paris-2-300x200.jpg 300w, https:\/\/www.vertgalant.com\/wp-content\/uploads\/2019\/08\/auberge-etchegorry-paris-2-768x512.jpg 768w, https:\/\/www.vertgalant.com\/wp-content\/uploads\/2019\/08\/auberge-etchegorry-paris-2-1024x683.jpg 1024w, https:\/\/www.vertgalant.com\/wp-content\/uploads\/2019\/08\/auberge-etchegorry-paris-2.jpg 1800w\" sizes=\"(max-width: 300px) 100vw, 300px\" \/>                                  <div class=\"overlay fill\"\n                      style=\"background-color: rgba(0,0,0,.15)\">\n                  <\/div>\n                                                              <\/div>\n              <div class=\"box-text text-left\" >\n                 <p><\/p>\n              <\/div>\n            <\/div>\n            <\/a>          <\/div>\n         <\/div>\n                 <div class=\"gallery-col col\" >\n          <div class=\"col-inner\">\n            <a class=\"image-lightbox lightbox-gallery\" href=\"https:\/\/www.vertgalant.com\/wp-content\/uploads\/2019\/08\/auberge-etchegorry-paris-4-1024x683.jpg\" title=\"\">            <div class=\"box has-hover gallery-box box-overlay dark\">\n              <div class=\"box-image\" >\n                <img decoding=\"async\" width=\"300\" height=\"200\" src=\"https:\/\/www.vertgalant.com\/wp-content\/uploads\/2019\/08\/auberge-etchegorry-paris-4-300x200.jpg\" class=\"attachment-medium size-medium\" alt=\"HOTEL VERT GALANT PARIS - AUBERGE ETCHEGORRY PARIS\" ids=\"799,789,791,795,797,793\" columns=\"3\" srcset=\"https:\/\/www.vertgalant.com\/wp-content\/uploads\/2019\/08\/auberge-etchegorry-paris-4-300x200.jpg 300w, https:\/\/www.vertgalant.com\/wp-content\/uploads\/2019\/08\/auberge-etchegorry-paris-4-768x512.jpg 768w, https:\/\/www.vertgalant.com\/wp-content\/uploads\/2019\/08\/auberge-etchegorry-paris-4-1024x683.jpg 1024w, https:\/\/www.vertgalant.com\/wp-content\/uploads\/2019\/08\/auberge-etchegorry-paris-4.jpg 1800w\" sizes=\"(max-width: 300px) 100vw, 300px\" \/>                                  <div class=\"overlay fill\"\n                      style=\"background-color: rgba(0,0,0,.15)\">\n                  <\/div>\n                                                              <\/div>\n              <div class=\"box-text text-left\" >\n                 <p><\/p>\n              <\/div>\n            <\/div>\n            <\/a>          <\/div>\n         <\/div>\n                 <div class=\"gallery-col col\" >\n          <div class=\"col-inner\">\n            <a class=\"image-lightbox lightbox-gallery\" href=\"https:\/\/www.vertgalant.com\/wp-content\/uploads\/2019\/08\/auberge-etchegorry-paris-5-1024x683.jpg\" title=\"\">            <div class=\"box has-hover gallery-box box-overlay dark\">\n              <div class=\"box-image\" >\n                <img decoding=\"async\" width=\"300\" height=\"200\" src=\"https:\/\/www.vertgalant.com\/wp-content\/uploads\/2019\/08\/auberge-etchegorry-paris-5-300x200.jpg\" class=\"attachment-medium size-medium\" alt=\"HOTEL VERT GALANT PARIS - AUBERGE ETCHEGORRY PARIS\" ids=\"799,789,791,795,797,793\" columns=\"3\" srcset=\"https:\/\/www.vertgalant.com\/wp-content\/uploads\/2019\/08\/auberge-etchegorry-paris-5-300x200.jpg 300w, https:\/\/www.vertgalant.com\/wp-content\/uploads\/2019\/08\/auberge-etchegorry-paris-5-768x512.jpg 768w, https:\/\/www.vertgalant.com\/wp-content\/uploads\/2019\/08\/auberge-etchegorry-paris-5-1024x683.jpg 1024w, https:\/\/www.vertgalant.com\/wp-content\/uploads\/2019\/08\/auberge-etchegorry-paris-5.jpg 1800w\" sizes=\"(max-width: 300px) 100vw, 300px\" \/>                                  <div class=\"overlay fill\"\n                      style=\"background-color: rgba(0,0,0,.15)\">\n                  <\/div>\n                                                              <\/div>\n              <div class=\"box-text text-left\" >\n                 <p><\/p>\n              <\/div>\n            <\/div>\n            <\/a>          <\/div>\n         <\/div>\n                 <div class=\"gallery-col col\" >\n          <div class=\"col-inner\">\n            <a class=\"image-lightbox lightbox-gallery\" href=\"https:\/\/www.vertgalant.com\/wp-content\/uploads\/2019\/08\/auberge-etchegorry-paris-3-1024x683.jpg\" title=\"\">            <div class=\"box has-hover gallery-box box-overlay dark\">\n              <div class=\"box-image\" >\n                <img decoding=\"async\" width=\"300\" height=\"200\" src=\"https:\/\/www.vertgalant.com\/wp-content\/uploads\/2019\/08\/auberge-etchegorry-paris-3-300x200.jpg\" class=\"attachment-medium size-medium\" alt=\"HOTEL VERT GALANT PARIS - AUBERGE ETCHEGORRY PARIS\" ids=\"799,789,791,795,797,793\" columns=\"3\" srcset=\"https:\/\/www.vertgalant.com\/wp-content\/uploads\/2019\/08\/auberge-etchegorry-paris-3-300x200.jpg 300w, https:\/\/www.vertgalant.com\/wp-content\/uploads\/2019\/08\/auberge-etchegorry-paris-3-768x512.jpg 768w, https:\/\/www.vertgalant.com\/wp-content\/uploads\/2019\/08\/auberge-etchegorry-paris-3-1024x683.jpg 1024w, https:\/\/www.vertgalant.com\/wp-content\/uploads\/2019\/08\/auberge-etchegorry-paris-3.jpg 1800w\" sizes=\"(max-width: 300px) 100vw, 300px\" \/>                                  <div class=\"overlay fill\"\n                      style=\"background-color: rgba(0,0,0,.15)\">\n                  <\/div>\n                                                              <\/div>\n              <div class=\"box-text text-left\" >\n                 <p><\/p>\n              <\/div>\n            <\/div>\n            <\/a>          <\/div>\n         <\/div>\n         <\/div>\n\n\n\t\t<\/div>\n\n\t\t\n<style>\n#section_1949475723 {\n  padding-top: 0px;\n  padding-bottom: 0px;\n  margin-bottom: 0px;\n}\n#section_1949475723 .section-bg.bg-loaded {\n  background-image: 220;\n}\n<\/style>\n\t<\/section>\n\t\n\t<section class=\"section\" id=\"section_1396101570\">\n\t\t<div class=\"bg section-bg fill bg-fill  \" >\n\n\t\t\t\n\t\t\t\n\t\t\t\n\n\t\t<\/div>\n\n\t\t<div class=\"section-content relative\">\n\t\t\t\n\n<p>&nbsp;<\/p>\n\n\t\t<\/div>\n\n\t\t\n<style>\n#section_1396101570 {\n  padding-top: 0px;\n  padding-bottom: 0px;\n  margin-bottom: 0px;\n  min-height: 350px;\n}\n#section_1396101570 .section-bg.bg-loaded {\n  background-image: url(https:\/\/www.vertgalant.com\/wp-content\/uploads\/2019\/08\/hotel-le-vert-galant-paris-jardin-13.jpg);\n}\n#section_1396101570 .section-bg {\n  background-position: center;\n}\n<\/style>\n\t<\/section>\n\t\n\n","protected":false},"excerpt":{"rendered":"","protected":false},"author":1,"featured_media":0,"parent":0,"menu_order":0,"comment_status":"closed","ping_status":"closed","template":"page-transparent-header.php","meta":{"footnotes":""},"yoast_head":"<!-- This site is optimized with the Yoast SEO plugin v21.7 - https:\/\/yoast.com\/wordpress\/plugins\/seo\/ -->\n<title>History of Auberge Etchegorry South West Restaurant<\/title>\n<meta name=\"description\" content=\"Our restaurant ETCHEGORRY is located in a very charming and romantic area in the heart of Paris 13. The famous B\u00e9ranger and Victor Hugo used to come, drink and watch the river La Bi\u00e8vre flow. It was known as &quot;le cabaret de Madame Gr\u00e9goire&quot;\" \/>\n<meta name=\"robots\" content=\"index, follow, max-snippet:-1, max-image-preview:large, max-video-preview:-1\" \/>\n<link rel=\"canonical\" href=\"https:\/\/www.vertgalant.com\/en\/history-auberge-etchegorry\/\" \/>\n<meta property=\"og:locale\" content=\"en_US\" \/>\n<meta property=\"og:type\" content=\"article\" \/>\n<meta property=\"og:title\" content=\"History of Auberge Etchegorry South West Restaurant\" \/>\n<meta property=\"og:description\" content=\"Our restaurant ETCHEGORRY is located in a very charming and romantic area in the heart of Paris 13. The famous B\u00e9ranger and Victor Hugo used to come, drink and watch the river La Bi\u00e8vre flow. It was known as &quot;le cabaret de Madame Gr\u00e9goire&quot;\" \/>\n<meta property=\"og:url\" content=\"https:\/\/www.vertgalant.com\/en\/history-auberge-etchegorry\/\" \/>\n<meta property=\"og:site_name\" content=\"HOTEL LE VERT GALANT\" \/>\n<meta property=\"article:modified_time\" content=\"2019-09-24T07:28:32+00:00\" \/>\n<meta name=\"twitter:card\" content=\"summary_large_image\" \/>\n<meta name=\"twitter:label1\" content=\"Est. reading time\" \/>\n\t<meta name=\"twitter:data1\" content=\"1 minute\" \/>\n<script type=\"application\/ld+json\" class=\"yoast-schema-graph\">{\"@context\":\"https:\/\/schema.org\",\"@graph\":[{\"@type\":\"WebPage\",\"@id\":\"https:\/\/www.vertgalant.com\/en\/history-auberge-etchegorry\/\",\"url\":\"https:\/\/www.vertgalant.com\/en\/history-auberge-etchegorry\/\",\"name\":\"History of Auberge Etchegorry South West Restaurant\",\"isPartOf\":{\"@id\":\"https:\/\/www.vertgalant.com\/#website\"},\"datePublished\":\"2019-08-02T07:23:24+00:00\",\"dateModified\":\"2019-09-24T07:28:32+00:00\",\"description\":\"Our restaurant ETCHEGORRY is located in a very charming and romantic area in the heart of Paris 13. The famous B\u00e9ranger and Victor Hugo used to come, drink and watch the river La Bi\u00e8vre flow. It was known as \\\"le cabaret de Madame Gr\u00e9goire\\\"\",\"breadcrumb\":{\"@id\":\"https:\/\/www.vertgalant.com\/en\/history-auberge-etchegorry\/#breadcrumb\"},\"inLanguage\":\"en-US\",\"potentialAction\":[{\"@type\":\"ReadAction\",\"target\":[\"https:\/\/www.vertgalant.com\/en\/history-auberge-etchegorry\/\"]}]},{\"@type\":\"BreadcrumbList\",\"@id\":\"https:\/\/www.vertgalant.com\/en\/history-auberge-etchegorry\/#breadcrumb\",\"itemListElement\":[{\"@type\":\"ListItem\",\"position\":1,\"name\":\"Accueil\",\"item\":\"https:\/\/www.vertgalant.com\/en\/\"},{\"@type\":\"ListItem\",\"position\":2,\"name\":\"histoire\"}]},{\"@type\":\"WebSite\",\"@id\":\"https:\/\/www.vertgalant.com\/#website\",\"url\":\"https:\/\/www.vertgalant.com\/\",\"name\":\"HOTEL LE VERT GALANT\",\"description\":\"H\u00f4tel de charme Paris\",\"potentialAction\":[{\"@type\":\"SearchAction\",\"target\":{\"@type\":\"EntryPoint\",\"urlTemplate\":\"https:\/\/www.vertgalant.com\/?s={search_term_string}\"},\"query-input\":\"required name=search_term_string\"}],\"inLanguage\":\"en-US\"}]}<\/script>\n<!-- \/ Yoast SEO plugin. -->","yoast_head_json":{"title":"History of Auberge Etchegorry South West Restaurant","description":"Our restaurant ETCHEGORRY is located in a very charming and romantic area in the heart of Paris 13. The famous B\u00e9ranger and Victor Hugo used to come, drink and watch the river La Bi\u00e8vre flow. It was known as \"le cabaret de Madame Gr\u00e9goire\"","robots":{"index":"index","follow":"follow","max-snippet":"max-snippet:-1","max-image-preview":"max-image-preview:large","max-video-preview":"max-video-preview:-1"},"canonical":"https:\/\/www.vertgalant.com\/en\/history-auberge-etchegorry\/","og_locale":"en_US","og_type":"article","og_title":"History of Auberge Etchegorry South West Restaurant","og_description":"Our restaurant ETCHEGORRY is located in a very charming and romantic area in the heart of Paris 13. The famous B\u00e9ranger and Victor Hugo used to come, drink and watch the river La Bi\u00e8vre flow. It was known as \"le cabaret de Madame Gr\u00e9goire\"","og_url":"https:\/\/www.vertgalant.com\/en\/history-auberge-etchegorry\/","og_site_name":"HOTEL LE VERT GALANT","article_modified_time":"2019-09-24T07:28:32+00:00","twitter_card":"summary_large_image","twitter_misc":{"Est. reading time":"1 minute"},"schema":{"@context":"https:\/\/schema.org","@graph":[{"@type":"WebPage","@id":"https:\/\/www.vertgalant.com\/en\/history-auberge-etchegorry\/","url":"https:\/\/www.vertgalant.com\/en\/history-auberge-etchegorry\/","name":"History of Auberge Etchegorry South West Restaurant","isPartOf":{"@id":"https:\/\/www.vertgalant.com\/#website"},"datePublished":"2019-08-02T07:23:24+00:00","dateModified":"2019-09-24T07:28:32+00:00","description":"Our restaurant ETCHEGORRY is located in a very charming and romantic area in the heart of Paris 13. The famous B\u00e9ranger and Victor Hugo used to come, drink and watch the river La Bi\u00e8vre flow. It was known as \"le cabaret de Madame Gr\u00e9goire\"","breadcrumb":{"@id":"https:\/\/www.vertgalant.com\/en\/history-auberge-etchegorry\/#breadcrumb"},"inLanguage":"en-US","potentialAction":[{"@type":"ReadAction","target":["https:\/\/www.vertgalant.com\/en\/history-auberge-etchegorry\/"]}]},{"@type":"BreadcrumbList","@id":"https:\/\/www.vertgalant.com\/en\/history-auberge-etchegorry\/#breadcrumb","itemListElement":[{"@type":"ListItem","position":1,"name":"Accueil","item":"https:\/\/www.vertgalant.com\/en\/"},{"@type":"ListItem","position":2,"name":"histoire"}]},{"@type":"WebSite","@id":"https:\/\/www.vertgalant.com\/#website","url":"https:\/\/www.vertgalant.com\/","name":"HOTEL LE VERT GALANT","description":"H\u00f4tel de charme Paris","potentialAction":[{"@type":"SearchAction","target":{"@type":"EntryPoint","urlTemplate":"https:\/\/www.vertgalant.com\/?s={search_term_string}"},"query-input":"required name=search_term_string"}],"inLanguage":"en-US"}]}},"_links":{"self":[{"href":"https:\/\/www.vertgalant.com\/en\/wp-json\/wp\/v2\/pages\/1004"}],"collection":[{"href":"https:\/\/www.vertgalant.com\/en\/wp-json\/wp\/v2\/pages"}],"about":[{"href":"https:\/\/www.vertgalant.com\/en\/wp-json\/wp\/v2\/types\/page"}],"author":[{"embeddable":true,"href":"https:\/\/www.vertgalant.com\/en\/wp-json\/wp\/v2\/users\/1"}],"replies":[{"embeddable":true,"href":"https:\/\/www.vertgalant.com\/en\/wp-json\/wp\/v2\/comments?post=1004"}],"version-history":[{"count":2,"href":"https:\/\/www.vertgalant.com\/en\/wp-json\/wp\/v2\/pages\/1004\/revisions"}],"predecessor-version":[{"id":1034,"href":"https:\/\/www.vertgalant.com\/en\/wp-json\/wp\/v2\/pages\/1004\/revisions\/1034"}],"wp:attachment":[{"href":"https:\/\/www.vertgalant.com\/en\/wp-json\/wp\/v2\/media?parent=1004"}],"curies":[{"name":"wp","href":"https:\/\/api.w.org\/{rel}","templated":true}]}}